{"id":2,"date":"2026-02-19T11:54:49","date_gmt":"2026-02-19T11:54:49","guid":{"rendered":"https:\/\/www.denmarc.se\/?page_id=2"},"modified":"2026-02-19T14:31:50","modified_gmt":"2026-02-19T14:31:50","slug":"sample-page","status":"publish","type":"page","link":"https:\/\/www.denmarc.se\/","title":{"rendered":"Sample Page"},"content":{"rendered":"\n<figure itemscope itemtype=\"https:\/\/schema.org\/ImageObject\">\n\t\t\t\t<img decoding=\"async\" src=\"https:\/\/www.denmarc.se\/wp-content\/uploads\/2026\/02\/logga-bak.png\" alt=\"logga bak\" height=\"456\" width=\"795\" title=\"logga bak\" onerror=\"this.style.display='none'\" loading=\"lazy\" \/>\n\t<\/figure>\n<h2>\n\t\t\tM\u00f6belindustri och Fastighetssk\u00f6tsel\t<\/h2>\n\tDenMarc \u00e4r en tillverkningspartner f\u00f6r skolor och offentliga milj\u00f6er.<br \/>\nVi producerar m\u00f6bler i st\u00f6rre volymer med fokus p\u00e5 slitstyrka, funktion och l\u00e5ng livsl\u00e4ngd.\nSom komplement erbjuder vi reparationer av befintliga m\u00f6bler samt fastighetsn\u00e4ra tj\u00e4nster.\n<p>Kombinationen av produktion och service ger v\u00e5ra kunder korta ledtider och praktiska helhetsl\u00f6sningar.<\/p>\nFr\u00e5ga oss &#8211; vi \u00e5terkommer med ett konkret f\u00f6rslag.\n\t<h2><strong>Kontakt:<\/strong><\/h2>\nDenMarc AB<br \/>\nNorrsten 212<br \/>\n591 92 MOTALA\n<h2><strong>Telefon<\/strong>:<\/h2>\nDennis: 073 399 1609<br \/>\nMarcus: 076 866 5387\n<h2><strong>epost<\/strong>:<\/h2>\n<p>info@denmarc.se<\/p>\n<p>&nbsp;<\/p>\n\n","protected":false},"excerpt":{"rendered":"<p>M\u00f6belindustri och Fastighetssk\u00f6tsel DenMarc \u00e4r en tillverkningspartner f\u00f6r skolor och offentliga milj\u00f6er. Vi producerar m\u00f6bler i st\u00f6rre volymer med fokus p\u00e5 slitstyrka, funktion och l\u00e5ng livsl\u00e4ngd. Som komplement erbjuder vi reparationer av befintliga m\u00f6bler samt fastighetsn\u00e4ra tj\u00e4nster. Kombinationen av produktion och service ger v\u00e5ra kunder korta ledtider och praktiska helhetsl\u00f6sningar. Fr\u00e5ga oss &#8211; vi \u00e5terkommer&hellip;<\/p>\n","protected":false},"author":1,"featured_media":0,"parent":0,"menu_order":0,"comment_status":"closed","ping_status":"open","template":"","meta":{"footnotes":""},"class_list":["post-2","page","type-page","status-publish","hentry"],"_links":{"self":[{"href":"https:\/\/www.denmarc.se\/index.php?rest_route=\/wp\/v2\/pages\/2","targetHints":{"allow":["GET"]}}],"collection":[{"href":"https:\/\/www.denmarc.se\/index.php?rest_route=\/wp\/v2\/pages"}],"about":[{"href":"https:\/\/www.denmarc.se\/index.php?rest_route=\/wp\/v2\/types\/page"}],"author":[{"embeddable":true,"href":"https:\/\/www.denmarc.se\/index.php?rest_route=\/wp\/v2\/users\/1"}],"replies":[{"embeddable":true,"href":"https:\/\/www.denmarc.se\/index.php?rest_route=%2Fwp%2Fv2%2Fcomments&post=2"}],"version-history":[{"count":6,"href":"https:\/\/www.denmarc.se\/index.php?rest_route=\/wp\/v2\/pages\/2\/revisions"}],"predecessor-version":[{"id":21,"href":"https:\/\/www.denmarc.se\/index.php?rest_route=\/wp\/v2\/pages\/2\/revisions\/21"}],"wp:attachment":[{"href":"https:\/\/www.denmarc.se\/index.php?rest_route=%2Fwp%2Fv2%2Fmedia&parent=2"}],"curies":[{"name":"wp","href":"https:\/\/api.w.org\/{rel}","templated":true}]}}